{"id":6,"date":"2014-01-19T12:55:59","date_gmt":"2014-01-19T12:55:59","guid":{"rendered":"https:\/\/buergerverein-ohmstede.de\/?page_id=6"},"modified":"2026-04-23T13:51:21","modified_gmt":"2026-04-23T11:51:21","slug":"start","status":"publish","type":"page","link":"https:\/\/buergerverein-ohmstede.de\/?page_id=6","title":{"rendered":"News"},"content":{"rendered":"\n<h2 class=\"wp-block-heading\"><strong>Fahrt zum \u201eTag der Niedersachsen\u201c nach Braunschweig am 14. Juni<\/strong><\/h2>\n\n\n\n<p>Es findet eine gemeinsame Fahrt der B\u00fcrgervereine Nadorst- B\u00fcrgeresch, Ofenerdiek und Ohmstede zum Tag der Niedersachsen statt. Die Vergabe der Teilnehmerpl\u00e4tze erfolgt nach der Reihenfolge des Zahlungseingangs auf dem unten genannten Konto.<br><\/p>\n\n\n\n<p><strong>Geplanter Tagesablauf:<br><\/strong>\u2022 Abfahrt Weser-Ems-Halle (gilt f\u00fcr Nadorst-B\u00fcrgeresch + Ohmstede) \u2013 7:45 Uhr \u2022 Domf\u00fchrung in Braunschweig um 11:15 Uhr \u2013 Dauer: 1 Stunde<br>\u2022 Rundgang (einzeln oder in der Gruppe) ab 12:30 Uhr; entsprechendes Infomaterial wird im Bus verteilt<br>\u2022 R\u00fcckfahrt ab ZOB Braunschweig um 16:00 Uhr<br>\u2022 Ankunft in Oldenburg ca. 19:00 \/ 19:30 Uhr<br><\/p>\n\n\n\n<p>Mindestteilnehmerzahl: 45 Personen<br>Kosten pro Person: 30,00 Euro inkl. Domf\u00fchrung f\u00fcr Vereinsmitglieder; G\u00e4ste: 35,00 Euro<br>Maximale Teilnehmerzahl: 56 Personen<br>Anmeldungen bis zum 11. Mai 2026 an: Harald Vogel (1. Vorsitzender B\u00fcrgerverein Nadorst- B\u00fcrgeresch), Telefon: 0441\/3047571, mit Namen, Zugeh\u00f6rigkeit zum B\u00fcrgerverein und eigener Telefonnummer oder per E-Mail an info@bv-nadorstbuegeresch.de. Die Teilnahme wird erst mit \u00dcberweisung des Kostenbeitrags auf das Konto des B\u00fcrgervereins Nadorst-B\u00fcrgeresch wirksam: Bankverbindung: IBAN 55 2806 1822 4900 2457 00.<br>Bitte die Anmeldevorgaben einhalten. Wir haben aufgrund der Fahrtkosten ein R\u00fccktrittsrecht mit dem Busunternehmen vereinbart. Dieses m\u00f6chten wir nat\u00fcrlich nicht wahrnehmen. Daher bitten wir darum, f\u00fcr die Fahrt entsprechend zu werben. Weitere und genauere Informationen erfolgen rechtzeitig nach Ablauf der Anmeldefrist. Bei R\u00fcckfragen wenden Sie sich bitte an Herwig Langetepe (Herwig.Langetepe@ltp-consulting.de). Bvohmst<\/p>\n\n\n\n<h2 class=\"wp-block-heading\"><strong>Windpark in Bornhorst<\/strong><\/h2>\n\n\n\n<p>Am 7. Mai um 18.30 Uhr l\u00e4dt der B\u00fcrgerverein Ohmstede zu einer Gespr\u00e4chsrunde mit Christine-Petra Schacht, Dezernentin f\u00fcr Planen, Bauen, Verkehr und Umwelt, sowie Markus L\u00f6wer, Leiter des Stadtplanungsamts der Stadt Oldenburg, ein. Bereits am 5. Juni 2025 fand in der BBS 3 eine erste Informationsveranstaltung zu diesem Thema statt. Seither gibt es einige neue Entwicklungen und Entscheidungen in dieser Sache.<\/p>\n\n\n\n<p>Am 19. Februar hat die Stadt Oldenburg im Ausschuss \u201eStadtplanung und Bauen\u201c die Ver\u00f6ffentlichung des Teilfl\u00e4chennutzungsplans Windenergie beschlossen. Am 23. Februar wurde dem Teilfl\u00e4chennutzungsplan Windenergie auch im Verwaltungsausschuss der Stadt Oldenburg zugestimmt und anschlie\u00dfend entsprechend ver\u00f6ffentlicht. Wesentliche umweltbezogene Stellungnahmen und Fachgutachten sind vorhanden. Ihre Ver\u00f6ffentlichung erfolgte bis zum 8. April. Danach ist der Beschluss durch den Rat der Stadt Oldenburg angedacht. Dies wird laut Terminen im Ratsinformationssystem der Stadt Oldenburg wahrscheinlich der 1. Juni sein. Daher ist es noch eine gute Gelegenheit, im Rahmen dieser Veranstaltung entsprechende Fragen zur Aufkl\u00e4rung zu stellen bzw. kann uns die Stadt auf den aktuellen Stand der Entwicklungen bringen.<br>Welche Auswirkungen (L\u00e4rm\/Verkehrsbelastung\/Stra\u00dfensperrungen etc.) hat der Windpark auf die Ohmsteder? Welche Ausgleichsma\u00dfnahmen (F\u00f6rderung der Vereine\/Umwelt) werden in Ohmstede erfolgen? Wie k\u00f6nnen sich die Ohmsteder am Windpark beteiligen? Sicherlich haben Sie weitere Fragen! Daher sind alle betroffenen Bewohner herzlich zu diesem Termin eingeladen! Eine Anmeldung ist nicht erforderlich. Bvohmst<\/p>\n\n\n\n<h2 class=\"wp-block-heading\"><strong>Pfingstbaumsetzen in Bornhorst<\/strong><\/h2>\n\n\n\n<p>Pfingsten hat in Bornhorst und Ohmstede einen ganz besonderen Stellenwert. Auch in diesem Jahr wird die traditionelle Aufstellung des Pfingstbaums wieder gemeinsam gefeiert und l\u00e4dt Besucherinnen und Besucher aus der Region herzlich ein.<br>Die Vorbereitungen beginnen am Samstag, 23. Mai, ab 14 Uhr. Im Vereinsheim des Bunker-Club Bornhorst wird der Pfingstbaum gemeinschaftlich gebunden und geschm\u00fcckt. Dabei sind interessierte G\u00e4ste willkommen, die sich einen Einblick in das traditionelle Handwerk und die Vorbereitungen verschaffen m\u00f6chten.<br>Am Sonntag, 24. Mai, startet um 14 Uhr ein kleiner Umzug in Klein-Bornhorst. Von dort aus wird der festlich geschm\u00fcckte Baum zum Aufstellungsort an der Elsflether Stra\u00dfe begleitet. Bei der Gastst\u00e4tte Mykonos\/Wiesenkieker erfolgt anschlie\u00dfend das feierliche Aufstellen des Pfingstbaums.<\/p>\n\n\n\n<p>Die Veranstaltung steht ganz im Zeichen von Gemeinschaft, Tradition und geselligem Beisammensein. Besucherinnen und Besucher sind an beiden Tagen herzlich eingeladen, teilzunehmen und die besondere Atmosph\u00e4re mitzuerleben. R. Eilers<\/p>\n\n\n\n<h2 class=\"wp-block-heading\"><strong>Besuch bei der Feuerwehr<\/strong><\/h2>\n\n\n\n<p>Der B\u00fcrgerverein Ohmstede besuchte am 14. April mit rund 35 Teilnehmenden die Berufsfeuerwehr an der Ibo-Koch-Stra\u00dfe. Im Rahmen einer informativen Pr\u00e4sentation stellte die Oldenburger Feuerwehr ihr umfangreiches Aufgabenspektrum vor. Dieses reicht vom Rettungsdienst \u00fcber technische Hilfeleistungen sowie die Tier-, Wasser- und H\u00f6henrettung bis hin zum vorbeugenden und abwehrenden Brandschutz. Im Anschluss an den Vortrag erhielten die Teilnehmer bei einer F\u00fchrung durch die Feuerwache einen anschaulichen Einblick in die Ausstattung und den Arbeitsalltag der Feuerwehr. Dabei wurden insbesondere die Einsatzfahrzeuge ausf\u00fchrlich vorgestellt und zahlreiche Fragen beantwortet. R. Eilers<br><\/p>\n\n\n\n<figure class=\"wp-block-image size-large is-resized\"><a href=\"https:\/\/buergerverein-ohmstede.de\/wp-content\/uploads\/2026\/04\/BV-Ohmstede-OMZ_26-05-Feuerwehr.jpg\"><img loading=\"lazy\" decoding=\"async\" width=\"1024\" height=\"768\" src=\"https:\/\/buergerverein-ohmstede.de\/wp-content\/uploads\/2026\/04\/BV-Ohmstede-OMZ_26-05-Feuerwehr-1024x768.jpg\" alt=\"\" class=\"wp-image-2851\" style=\"width:411px;height:auto\" srcset=\"https:\/\/buergerverein-ohmstede.de\/wp-content\/uploads\/2026\/04\/BV-Ohmstede-OMZ_26-05-Feuerwehr-1024x768.jpg 1024w, https:\/\/buergerverein-ohmstede.de\/wp-content\/uploads\/2026\/04\/BV-Ohmstede-OMZ_26-05-Feuerwehr-300x225.jpg 300w, https:\/\/buergerverein-ohmstede.de\/wp-content\/uploads\/2026\/04\/BV-Ohmstede-OMZ_26-05-Feuerwehr-768x576.jpg 768w, https:\/\/buergerverein-ohmstede.de\/wp-content\/uploads\/2026\/04\/BV-Ohmstede-OMZ_26-05-Feuerwehr-1536x1152.jpg 1536w, https:\/\/buergerverein-ohmstede.de\/wp-content\/uploads\/2026\/04\/BV-Ohmstede-OMZ_26-05-Feuerwehr.jpg 2048w\" sizes=\"auto, (max-width: 1024px) 100vw, 1024px\" \/><\/a><\/figure>\n\n\n\n<p>Quelle: HBM A. Kleinow<\/p>\n\n\n\n<h2 class=\"wp-block-heading\"><strong>Protokoll der Jahreshauptversammlung 2026 des BVO<\/strong><\/h2>\n\n\n\n<div data-wp-interactive=\"core\/file\" class=\"wp-block-file\"><object data-wp-bind--hidden=\"!state.hasPdfPreview\" hidden class=\"wp-block-file__embed\" data=\"https:\/\/buergerverein-ohmstede.de\/wp-content\/uploads\/2026\/04\/JHV-2026-Protokoll-Homepage-ohne-Anwesenheitsliste-1-2.pdf\" type=\"application\/pdf\" style=\"width:100%;height:600px\" aria-label=\"Einbettung von JHV 2026 Protokoll Homepage ohne Anwesenheitsliste (1).\"><\/object><a id=\"wp-block-file--media-2ff7b9ff-ce96-4295-95df-c2620189f223\" href=\"https:\/\/buergerverein-ohmstede.de\/wp-content\/uploads\/2026\/04\/JHV-2026-Protokoll-Homepage-ohne-Anwesenheitsliste-1-2.pdf\">JHV 2026 Protokoll Homepage ohne Anwesenheitsliste (1)<\/a><a href=\"https:\/\/buergerverein-ohmstede.de\/wp-content\/uploads\/2026\/04\/JHV-2026-Protokoll-Homepage-ohne-Anwesenheitsliste-1-2.pdf\" class=\"wp-block-file__button wp-element-button\" download aria-describedby=\"wp-block-file--media-2ff7b9ff-ce96-4295-95df-c2620189f223\">Herunterladen<\/a><\/div>\n\n\n\n<h2 class=\"wp-block-heading\"><strong>Wegwerfen ist die letzte Option<\/strong><\/h2>\n\n\n\n<p>Stell dir vor, dein Toaster streikt am Montagmorgen oder der Rei\u00dfverschluss deiner Lieblingsjacke klemmt schon wieder. Oft landet so etwas schnell im M\u00fcll. Genau hier setzt ein Repair-Caf\u00e9 an \u2013 auch jeden vierten Freitag im Kulturzentrum Rennplatzstra\u00dfe in Ohmstede.<br>Dort werden Lampen, S\u00e4gen, Radios und andere Ger\u00e4te gemeinsam wieder flott gemacht. An einem Tisch wird gen\u00e4ht, an einem anderen erkl\u00e4rt jemand geduldig die wichtigsten Smartphone\u2011Einstellungen. Alles ehrenamtlich, alles auf Augenh\u00f6he. Und nat\u00fcrlich wird auch geschnackt. Das Repair-Caf\u00e9 ist schlie\u00dflich auch ein Treffpunkt \u2013 mit richtig gutem Kuchen, frisch gebacken vom Kulturzentrum. Wer vorbeikommt, merkt schnell: Reparieren spart nicht nur Ressourcen, sondern bringt Menschen zusammen. bvohmst<\/p>\n\n\n\n<h2 class=\"wp-block-heading\">DSGVO<\/h2>\n\n\n\n<p><span style=\"font-size: small;\"><span style=\"font-family: Tahoma, sans-serif;\"><span style=\"font-size: medium;\">Seit dem 25. Mai 2018 gilt in den L\u00e4ndern der EU die Datenschutzgrundverordnung (DSGVO). Wir begr\u00fc\u00dfen das, weil es Verbrauchern grunds\u00e4tzlich mehr Rechte und Kontrollm\u00f6glichkeiten gegen\u00fcber Unternehmen oder Institutionen einr\u00e4umt, die deren (personenbezogene) Daten speichern bzw. nutzen. Aber auch unser B\u00fcrgerverein z\u00e4hlt zu den Nutzern solcher Daten. <strong>Von jedem unserer Mitglieder speichern wir den Vor- und Zunamen, die Anschrift, das Geburtsdatum und soweit vorhanden Telefonnummer und E-Mailadresse.<\/strong> F\u00fcr die Abrechnung des Mitgliedsbeitrags speichern wir zudem Daten, die f\u00fcr das SEPA Lastschriftmandat ben\u00f6tigt werden. <strong>Nur der Vorstand allein hat bei uns Zugriff auf diese Daten!<\/strong><br>Die Verordnung schreibt u.a. vor, dass eine nachweisbare Einwilligung aller Personen vorliegen muss, deren o.g. Daten wir gespeichert haben. Zuk\u00fcnftige Mitglieder m\u00fcssen bei uns also vor Aufnahme in den Verein eine solche Einwilligung zur Speicherung ihrer Daten unterschreiben. <strong>Diejenigen, die vor dem 25.05.2018 Mitglied des B\u00fcrgervereins Ohmstede wurden und keinen Einspruch zur Erfassung und Speicherung seiner\/ihrer personenbezogenen Daten (wie oben genannt) beim Vorstand \u00e4u\u00dfern, erkl\u00e4ren (stillschweigend) ihr Einverst\u00e4ndnis, dass der B\u00fcrgerverein ihre personenbezogenen Daten speichern darf.<\/strong> Wer aber seine Daten \u00e4ndern oder l\u00f6schen lassen m\u00f6chte, muss dies unbedingt schriftlich beim Kassenwart Helmut Diers, beim Schriftf\u00fchrer Cord Bakenhus oder \u00fcber das Kontaktformular dieser Webseite beantragen. Dort finden Sie auch die Adressen der beiden Vorstandsmitglieder.<\/span><\/span><\/span><\/p>\n\n\n\n<h2 class=\"wp-block-heading\"><\/h2>\n\n\n\n<hr class=\"wp-block-separator has-alpha-channel-opacity\"\/>\n\n\n\n<p class=\"has-text-align-center\"><strong><em style=\"color: #3366ff;\"><span style=\"color: #3366ff;\"><a style=\"color: #3366ff;\" href=\"https:\/\/buergerverein-ohmstede.de\/?page_id=13\">Die aktuellen Termine rund um den B\u00fcrgerverein Ohmstede sowie der Ortsvereine sehen Sie hier.<\/a><\/span>&nbsp;<\/em><\/strong><\/p>\n\n\n\n<p><\/p>\n","protected":false},"excerpt":{"rendered":"<p>Fahrt zum \u201eTag der Niedersachsen\u201c nach Braunschweig am 14. Juni Es findet eine gemeinsame Fahrt der B\u00fcrgervereine Nadorst- B\u00fcrgeresch, Ofenerdiek und Ohmstede zum Tag der Niedersachsen statt. Die Vergabe der Teilnehmerpl\u00e4tze erfolgt nach der Reihenfolge des Zahlungseingangs auf dem unten genannten Konto. Geplanter Tagesablauf:\u2022 Abfahrt Weser-Ems-Halle (gilt f\u00fcr Nadorst-B\u00fcrgeresch + Ohmstede) \u2013 7:45 Uhr \u2022 [&hellip;]<\/p>\n","protected":false},"author":3,"featured_media":0,"parent":0,"menu_order":0,"comment_status":"closed","ping_status":"closed","template":"","meta":{"footnotes":""},"class_list":["post-6","page","type-page","status-publish","hentry"],"_links":{"self":[{"href":"https:\/\/buergerverein-ohmstede.de\/index.php?rest_route=\/wp\/v2\/pages\/6","targetHints":{"allow":["GET"]}}],"collection":[{"href":"https:\/\/buergerverein-ohmstede.de\/index.php?rest_route=\/wp\/v2\/pages"}],"about":[{"href":"https:\/\/buergerverein-ohmstede.de\/index.php?rest_route=\/wp\/v2\/types\/page"}],"author":[{"embeddable":true,"href":"https:\/\/buergerverein-ohmstede.de\/index.php?rest_route=\/wp\/v2\/users\/3"}],"replies":[{"embeddable":true,"href":"https:\/\/buergerverein-ohmstede.de\/index.php?rest_route=%2Fwp%2Fv2%2Fcomments&post=6"}],"version-history":[{"count":575,"href":"https:\/\/buergerverein-ohmstede.de\/index.php?rest_route=\/wp\/v2\/pages\/6\/revisions"}],"predecessor-version":[{"id":2875,"href":"https:\/\/buergerverein-ohmstede.de\/index.php?rest_route=\/wp\/v2\/pages\/6\/revisions\/2875"}],"wp:attachment":[{"href":"https:\/\/buergerverein-ohmstede.de\/index.php?rest_route=%2Fwp%2Fv2%2Fmedia&parent=6"}],"curies":[{"name":"wp","href":"https:\/\/api.w.org\/{rel}","templated":true}]}}