{"id":559,"date":"2016-03-14T17:20:47","date_gmt":"2016-03-14T16:20:47","guid":{"rendered":"https:\/\/buergerverein-ohmstede.de\/?page_id=559"},"modified":"2018-06-07T11:22:57","modified_gmt":"2018-06-07T09:22:57","slug":"datenschutz","status":"publish","type":"page","link":"https:\/\/buergerverein-ohmstede.de\/?page_id=559","title":{"rendered":"Datenschutz"},"content":{"rendered":"<p>Wir freuen uns sehr \u00fcber das Interesse von Ihnen, unsere Website zu nutzen. Da uns der Schutz Ihrer Privatsph\u00e4re wichtig ist, informieren wir Sie nachstehend ausf\u00fchrlich \u00fcber den Umgang mit Ihren Daten.<\/p>\n<p>In Ihrem und unserem Interesse versuchen wir, so wenig personenbezogene Daten wie m\u00f6glich zu erheben und Ihnen zeitgleich das bestm\u00f6gliche Angebot zu bieten. Teilweise besteht unsererseits jedoch ein \u00fcberwiegend berechtigtes Interesse an der Erhebung von zus\u00e4tzlichen Daten, so dass wir folgende Angaben unter den aufgef\u00fchrten Punkten erheben, speichern und ggf. weiterverwenden, um eine optimale Darstellung und Erreichbarkeit unseres Angebots zu gew\u00e4hrleisten oder Ihnen bestimmte Funktionalit\u00e4ten bereitstellen zu k\u00f6nnen.<\/p>\n<p><strong>1. Hosting und Server-Log-Dateien<\/strong><\/p>\n<p><strong>Hosting durch Drittanbieter<\/strong><br \/>\nWir beauftragen einen Drittanbieter als Dienstleister f\u00fcr die Bereitstellung des Hostings\/Webservers dieser Website. Dies erfolgt, da der Betrieb, die Wartung und die Geschwindigkeit wichtige Faktoren zur Darstellung und Erreichbarkeit unseres Angebots darstellen und eine hausinterne Bereitstellung dieser Funktionalit\u00e4t nicht in unserem finanziellen und personellen Rahmen liegt, wodurch unsererseits ein \u00fcberwiegend berechtigtes Interesse besteht. Daten, die im Rahmen der allgemeinen Nutzung dieser Website oder in daf\u00fcr vorgesehenen Formularen, Anwendungen oder anderen Funktionalit\u00e4ten entsprechend der nachfolgenden Erl\u00e4uterungen auf dieser Website erhoben werden, werden auf dem Server des Dienstleisters verarbeitet. Der Dienstleister hat seinen Sitz innerhalb eines Landes der Europ\u00e4ischen Union oder des Europ\u00e4ischen Wirtschaftsraums.<\/p>\n<p><strong>Server-Log-Dateien<\/strong><br \/>\nDer Besuch unserer Seiten ist stets m\u00f6glich, ohne Angaben zu Ihrer Person zu machen. In sogenannten Server-Log-Dateien speichert dieser Webserver automatisch Zugriffsdaten, in welchen folgende Angaben gespeichert werden: Der Hostname des zugreifenden Rechners (Ihre IP-Adresse), der Name der angeforderten Datei, die Uhrzeit und das Datum der Serveranfrage, die \u00fcbertragene Datenmenge und das verwendete Protokoll, die Antwort des Webservers auf die jeweilige Anfrage (Statuscode), Browsertyp und -version, verwendetes Betriebssystem sowie die Adresse, von der auf das aufgerufene Dokument verwiesen wurde (Referrer).<\/p>\n<p>Die Server-Log-Dateien werden nur ausgewertet, um einen st\u00f6rungsfreien Betrieb unserer Seiten sicherzustellen und zur Verbesserung unseres Angebots gem\u00e4\u00df Art. 6 Abs. 1 S. 1 lit. f DSGVO. Die Zugriffsdaten werden nicht mit anderen Datenquellen zusammengef\u00fchrt.<\/p>\n<p><strong>2. Datenerhebung\/-verwendung bei Web-Formularen oder Kundenkonto-Er\u00f6ffnung<\/strong><\/p>\n<p>Personenbezogene Daten werden von uns nur erhoben, sofern Sie uns diese im Rahmen einer Bestellung, einer Kontaktaufnahme per Formular oder E-Mail oder der Er\u00f6ffnung eines Kundenkontos auf unserer Website freiwillig mitteilen. Pflichtangaben bei den jeweiligen Eingabem\u00f6glichkeiten sind von uns entsprechend gekennzeichnet. Diese Angaben werden zwingend zur Vertragsabwicklung bzw. zur Bearbeitung Ihrer Anfrage ben\u00f6tigt und bei fehlender Angabe solcher Daten ist es Ihnen nicht m\u00f6glich, die Bestellung\/Konto-Er\u00f6ffnung oder Kontaktanfrage abzuschlie\u00dfen. Anhand der jeweiligen Eingabeformulare ist ersichtlich, welche Daten erhoben werden. Nicht als Pflichtangaben gekennzeichnete Felder brauchen von Ihnen nicht ausgef\u00fcllt zu werden. Diese von Ihnen in diesem Prozess mitgeteilten Daten verwenden wir zur Vertragsabwicklung bzw. Bearbeitung Ihrer Anfragen gem\u00e4\u00df Art. 6 Abs. 1 S. 1 lit. b DSGVO. Sobald Ihr Auftrag\/Vertrag bzw. Ihre Kontaktaufnahme abgeschlossen wird, schr\u00e4nken wir Ihre Daten f\u00fcr die weitere Verarbeitung ein und l\u00f6schen diese nach Ablauf steuer- und handelsrechtlicher Aufbewahrungsfristen. Bei einer uns vorliegenden dar\u00fcberhinausgehenden Einwilligung Ihrerseits zur weiteren Verarbeitung Ihrer Daten oder einem Vorbehalt der weiteren gesetzlich erlaubten Datenverwendung, \u00fcber welche wir ggf. zus\u00e4tzlich in dieser Datenschutzerkl\u00e4rung informieren, erfolgt keine L\u00f6schung. Besteht die M\u00f6glichkeit, auf unseren Seiten ein Kundenkonto zu er\u00f6ffnen, so kann dieses Kundenkonto jederzeit bei entsprechender M\u00f6glichkeit im Kundenkonto von Ihnen selbst gel\u00f6scht werden oder Sie k\u00f6nnen das Konto l\u00f6schen lassen mittels einer Nachricht an die unten beschriebene Kontaktm\u00f6glichkeit.<\/p>\n<p><strong>3. Verwendung von Cookies<\/strong><\/p>\n<p>Um unser Angebot f\u00fcr Sie nutzerfreundlicher, effektiver und attraktiver zu machen und Ihnen bestimmte Funktionen zu erm\u00f6glichen, verwenden wir auf unseren Seiten teilweise sogenannte Cookies. Unsererseits besteht ein \u00fcberwiegend berechtigtes Interesse gem\u00e4\u00df Art. 6 Abs. 1 S. 1 lit. f DSGVO an der korrekten Darstellung und Auslieferung von, den jeweiligen Nutzern entsprechenden, Inhalten, was den Einsatz der von uns verwendeten Cookies erforderlich macht.<\/p>\n<p>Cookies sind kleine Dateien mit Textinhalt, die durch unsere Website generiert und durch Ihren Browser in der Regel automatisch auf Ihrem Endger\u00e4t abgelegt werden, wenn Sie unsere Website besuchen. Diese Cookies richten auf Ihrem Endger\u00e4t keinen Schaden an und enthalten keine Viren.<\/p>\n<p>Ein Teil der von uns verwendeten Cookies sind Sitzungs-Cookies (sog. Session-Cookies). Nach dem Ende Ihres Besuchs auf unseren Seiten werden diese automatisch gel\u00f6scht. Eine andere Art von Cookies, die wir verwenden, sind sog. persistente Cookies. Diese Cookies bleiben auf Ihrem Endger\u00e4t gespeichert, bis Sie diese l\u00f6schen und erm\u00f6glichen uns, Ihren Browser beim n\u00e4chsten Besuch wiederzuerkennen.<\/p>\n<p>In den Einstellungen Ihres Browsers k\u00f6nnen Sie einsehen, wie lange Cookies gespeichert werden und festlegen, dass Sie \u00fcber das Setzen von Cookies informiert werden. Au\u00dferdem haben Sie in den Browser-Einstellungen die M\u00f6glichkeit, Cookies nur im Einzelfall zu erlauben, Ausnahmen der Speicherung von Cookies f\u00fcr bestimmte Seiten zu hinterlegen oder generell die Annahme von Cookies zu verweigern sowie das automatische L\u00f6schen der Cookies beim Schlie\u00dfen des Browsers zu aktivieren.<\/p>\n<p>Die Art, wie Sie die Cookie-Einstellungen bei sich vornehmen k\u00f6nnen, ist von Browser und Endger\u00e4t abh\u00e4ngig. Generell k\u00f6nnen Sie \u00fcber die Hilfe-Funktion Ihres Browsers erfahren, wie und inwiefern Sie die Cookie-Einstellungen Ihres Browsers modifizieren k\u00f6nnen. Nachfolgend haben wir f\u00fcr Sie Anleitungen f\u00fcr einige der meistgenutzten Browser zusammengestellt:<br \/>\nInternet Explorer:\u00a0<a href=\"http:\/\/windows.microsoft.com\/de-DE\/windows-vista\/Block-or-allow-cookies\" target=\"_blank\" rel=\"noopener\">http:\/\/windows.microsoft.com\/de-DE\/windows-vista\/Block-or-allow-cookies<\/a><br \/>\nSafari:\u00a0<a href=\"https:\/\/support.apple.com\/kb\/ph21411?locale=de_DE\" target=\"_blank\" rel=\"noopener\">https:\/\/support.apple.com\/kb\/ph21411?locale=de_DE<\/a><br \/>\nChrome:\u00a0<a href=\"http:\/\/support.google.com\/chrome\/bin\/answer.py?hl=de&amp;hlrm=en&amp;answer=95647\" target=\"_blank\" rel=\"noopener\">http:\/\/support.google.com\/chrome\/bin\/answer.py?hl=de&amp;hlrm=en&amp;answer=95647<\/a><br \/>\nFirefox:\u00a0<a href=\"https:\/\/support.mozilla.org\/de\/kb\/cookies-erlauben-und-ablehnen\" target=\"_blank\" rel=\"noopener\">https:\/\/support.mozilla.org\/de\/kb\/cookies-erlauben-und-ablehnen<\/a><br \/>\nOpera:\u00a0<a href=\"http:\/\/help.opera.com\/Windows\/10.20\/de\/cookies.html\" target=\"_blank\" rel=\"noopener\">http:\/\/help.opera.com\/Windows\/10.20\/de\/cookies.html<\/a><\/p>\n<p>Wir weisen Sie daraufhin, dass im Falle einer Deaktivierung von Cookies die Funktionalit\u00e4t unserer Website eingeschr\u00e4nkt sein kann.<\/p>\n<p><strong>4. Google-Dienste<\/strong><\/p>\n<p><strong>EU-US-Privacy-Zertifikat \/ Datenschutzhinweise von Google<\/strong><br \/>\nDie Google LLC, 1600 Amphitheatre Parkway, Mountain View, CA 94043, USA, ist zertifiziert unter dem EU-US-Privacy Shield. Ein aktuelles Zertifikat kann unter\u00a0<a href=\"https:\/\/www.privacyshield.gov\/list\" target=\"_blank\" rel=\"noopener\">https:\/\/www.privacyshield.gov\/list<\/a>\u00a0eingesehen werden. Aufgrund dieses Abkommens zwischen den USA und der Europ\u00e4ischen Kommission hat letztere f\u00fcr unter dem Privacy Shield zertifizierte Unternehmen ein angemessenes Datenschutzniveau festgestellt.<\/p>\n<p>Weitere Datenschutzhinweise zu Google sowie zu bestimmten und nachfolgend aufgef\u00fchrten Google-Diensten sowie weitere M\u00f6glichkeiten, der Nutzung und Verarbeitung von Daten durch Google zu widersprechen, k\u00f6nnen Sie auch jederzeit der Datenschutzerkl\u00e4rung von Google unter\u00a0<a href=\"http:\/\/www.google.com\/policies\/privacy\" target=\"_blank\" rel=\"noopener\">http:\/\/www.google.com\/policies\/privacy<\/a>\u00a0entnehmen.<\/p>\n<p><strong>[b] Verwendung von YouTube-Videos<\/strong><br \/>\nAuf diesen Seiten werden Videos von YouTube mit Hilfe von sogenannten Frames eingebunden. YouTube ist ein Angebot von Google. Sobald Sie eine Seite besuchen, auf der ein YouTube-Video per Frame eingebunden ist, wird eine Verbindung zu den Servern von YouTube bzw. Google hergestellt und Ihre IP-Adresse in der Regel an Server von Google \/ YouTube \u00fcbermittelt. Die Server von YouTube erfassen dabei die von Ihnen besuchte Seite. Falls Sie bei Google oder YouTube ein Benutzerkonto besitzen und w\u00e4hrend des Aufbaus der Verbindung zu den Servern von YouTube eingeloggt sind, kann Google Ihr Surfverhalten Ihrem Benutzerkonto zuordnen. Wenn Sie dies nicht m\u00f6chten, m\u00fcssen Sie sich vor Aufruf und Abspielen der YouTube-Videos aus Ihrem YouTube-\/Google-Konto ausloggen. Wir weisen au\u00dferdem daraufhin, dass die YouTube-Videos im \u201eErweiterten Datenschutzmodus\u201c in unsere Website eingebunden werden. Google erkl\u00e4rt, dass hierdurch Daten von unseren Website-Nutzern erst erfasst werden, wenn sie das Video aktiv abspielen. Die Einbindung der Videos dient der Wahrung unserer im Rahmen einer Interessensabw\u00e4gung \u00fcberwiegenden berechtigten Interessen an einer optimalen Vermarktung unseres Angebots gem\u00e4\u00df Art. 6 Abs. 1 S. 1 lit. f DSGVO.<\/p>\n<p><strong>[c] Google Maps<\/strong><br \/>\nZur Darstellung von unserem oder anderen relevanten Standorten verwenden wir den Kartendienst Google Maps. Bei Aufruf einer Seite, wo Google Maps direkt in die Seite integriert ist, wird eine Verbindung zu den Servern von Google hergestellt. Die Server von Google erfassen dabei die von Ihnen besuchte Seite und Ihre IP-Adresse wird dabei in der Regel an die Server von Google \u00fcbermittelt. Falls Sie bei Google ein Benutzerkonto besitzen und w\u00e4hrend des Aufbaus der Verbindung zu den Servern von Google eingeloggt sind, kann Google Ihr Surfverhalten Ihrem Benutzerkonto zuordnen. Wenn Sie dies nicht m\u00f6chten, m\u00fcssen Sie sich aus Ihrem Google-Konto ausloggen. Die Einbindung der Maps dient der Wahrung unserer im Rahmen einer Interessensabw\u00e4gung \u00fcberwiegenden berechtigten Interessen an einer optimalen Vermarktung und Darstellung unseres Angebots gem\u00e4\u00df Art. 6 Abs. 1 S. 1 lit. f DSGVO.<\/p>\n<p><strong>[d] Einbettung von Google Fonts<\/strong><br \/>\nAuf unserer Website werden Schriftarten des Google-Fonts-Dienstes (fonts.google.com) eingebunden. Durch die Einbettung der Schriften \u00fcber die Server von Google wird dem Nutzer stets die aktuellste Schriftartenversion der jeweiligen Schriften ausgeliefert. Google erkl\u00e4rt, dass beim Aufrufen der Schriftartendateien keine Cookies an die Server von Google gesendet werden, allerdings wird Ihre IP-Adresse dabei in der Regel an die Server von Google \u00fcbermittelt. Die Einbindung von Google Fonts dient der Wahrung unserer im Rahmen einer Interessensabw\u00e4gung \u00fcberwiegend berechtigten Interessen an einer optimalen Darstellung unseres Angebots gem\u00e4\u00df Art. 6 Abs. 1 S. 1 lit. f DSGVO.<\/p>\n<p><strong>[e] Google reCAPTCHA<\/strong><br \/>\nUm den Missbrauch von Formularen und anderen Eingabem\u00f6glichkeiten durch Bots usw. auf diesen Seiten zu verhindern bzw. vorzubeugen, setzen wir zum Teil den Google-Dienst reCAPTCHA ein. Auf Seiten, wo reCAPTCHA integriert ist, wird im Hintergrund ein automatisierter Mechanismus betrieben, der anhand von verschiedenenen Parametern (wie z.B. IP-Adresse, Besuchsdauer oder Eingaben vom Nutzer) analysiert, ob es sich bei dem Besucher um einen Bot oder einen Menschen handelt. Diese Daten werden in der Regel zur Auswertung an die Server von Google gesendet. Unsererseits besteht ein \u00fcberwiegend berechtigtes Interesse an dem Schutz vor Missbrauch von Formularen und der Abwehr von Spam auf Grundlage von Art. 6 Abs. 1 S. 1 lit. f DSGVO.<\/p>\n<p><strong>5. Newsletter<\/strong><\/p>\n<p>Sofern auf unseren Seiten eine Anmeldem\u00f6glichkeit f\u00fcr einen Newsletter besteht, basieren Anmeldungen in diesem System stets auf freiwilliger Basis des Nutzers. Sie erkl\u00e4ren sich bei Anmeldung zum Newsletter damit einverstanden, regelm\u00e4\u00dfig per E-Mail \u00fcber Produktneuheiten\/-aktualisierungen, Neuigkeiten aus dem Unternehmen sowie Updates zu bestehenden Services informiert zu werden. Nach dem Klicken auf den &#8222;Abonnieren&#8220;-Button werden Ihre eingegeben Daten auf unserem Webserver gespeichert. Au\u00dferdem erhalten Sie eine E-Mail, in der Sie mittels eines Links best\u00e4tigen m\u00fcssen, dass Sie den Newsletter wirklich erhalten m\u00f6chten. So stellen wir sicher, dass es sich bei dem eingetragenen Nutzer wirklich um den Besitzer der eingegebenen E-Mail-Adresse handelt und er sein Einverst\u00e4ndnis zum Erhalt des Newsletters erteilt (sog. &#8222;Double-Opt-In-Verfahren&#8220;) hat. Ihre Anmeldung hierzu entspricht einer Einwilligung gem\u00e4\u00df Art. 6 Abs. 1 S. 1 lit. a DSGVO.<\/p>\n<p><strong>Verwendung \/ Widerspruch \/ L\u00f6schung<\/strong><br \/>\nWir verwenden Ihre Daten (E-Mail-Adresse und ggf. Name) nur f\u00fcr den oben angegebenen Zweck. Sie k\u00f6nnen der weiteren Verwendung mittels Kontaktaufnahme mit uns widersprechen und\/oder Ihre hinterlegten Daten \u00e4ndern oder l\u00f6schen lassen. Mit Hilfe eines Links am Ende eines jeden Newsletters k\u00f6nnen Sie zudem dem weiteren Erhalt des Newsletters widersprechen (deabonnieren). Eine weitere Nutzung Ihrer Daten erfolgt nur, wenn Sie hierf\u00fcr Ihre Einwilligung erteilt haben oder wir uns eine dar\u00fcberhinausgehende, gesetzlich erlaubte Datenverwendung vorbehalten und wir Sie hier\u00fcber in dieser Erkl\u00e4rung informiert haben. In jedem Fall wird jedoch Ihre E-Mail-Adresse nach Widerspruch aus der Verteilerliste des jeweiligen E-Mail-Newsletters entfernt. Bitte beachten Sie zus\u00e4tzlich, dass eine L\u00f6schung Ihrer Daten vom Webserver nicht automatisch \u00fcber die o.g. Widerspruchfunktion des Newsletters erfolgt und Sie uns \u00fcber eine komplette L\u00f6schung Ihres Datensatzes aus diesem System separat kontaktieren m\u00fcssten, falls dies gew\u00fcnscht ist. Der genannte Widerspruch entfernt lediglich die Zuordnung Ihrer E-Mail-Adresse zu der bestimmten Verteilerliste des Newslettersystems.<\/p>\n<p><strong>6. Kontaktm\u00f6glichkeiten und Ihre Rechte<\/strong><\/p>\n<p>Als Nutzer unserer Website haben Sie stets ein Recht auf<\/p>\n<ul>\n<li>unentgeltliche Auskunft \u00fcber die Daten, die bei uns zu Ihrer Person gespeichert sind gem\u00e4\u00df Art. 15 DSGVO sowie<\/li>\n<li>das Recht auf Berichtigung oder Vervollst\u00e4ndigung Ihrer Daten gem\u00e4\u00df Art. 16 DSGVO,<\/li>\n<li>Verarbeitungseinschr\u00e4nkung gem\u00e4\u00df Art. 18 DSGVO, insofern die Richtigkeit der Daten von Ihnen bestritten wird, die Verarbeitung unrechtm\u00e4\u00dfig ist, Sie aber deren L\u00f6schung ablehnen, wir die Daten nicht mehr ben\u00f6tigen, Sie diese jedoch zur Geltendmachung, Aus\u00fcbung oder Verteidigung von Rechtsanspr\u00fcchen ben\u00f6tigen oder Sie gem\u00e4\u00df Art. 21 DSGVO Widerspruch gegen die Verarbeitung eingelegt haben,<\/li>\n<li>Daten\u00fcbertragbarkeit in einem strukturierten, g\u00e4ngigen und maschinenlesebaren Format gem\u00e4\u00df Art. 20 DSGVO und<\/li>\n<li>L\u00f6schung Ihrer Daten gem\u00e4\u00df Art. 17 DSGVO, au\u00dfer die weitere Verarbeitung der Daten ist erforderlich zum Zwecke der Aus\u00fcbung des Rechts auf freie Meinungs\u00e4u\u00dferung und Information, zur Erf\u00fcllung einer rechtlichen Verpflichtung, aus Gr\u00fcnden des \u00f6ffentlichen Interesses oder zur Geltendmachung, Aus\u00fcbung oder Verteidigung von Rechtsanspr\u00fcchen.<\/li>\n<\/ul>\n<p>Ein Beschwerderecht haben Sie zudem bei einer der zust\u00e4ndigen Datenschutz-Aufsichtsbeh\u00f6rden an Ihrem \u00fcblichen Aufenthaltsort, Ihrem Arbeitsplatz oder unseres Unternehmenssitzes gem\u00e4\u00df Art. 77 DSGVO.<\/p>\n<p>Sie k\u00f6nnen sich jederzeit an uns \u00fcber die im Impressum genannten Kontaktdaten wenden, falls Sie Fragen zur Erhebung, Verarbeitung oder Nutzung Ihrer Daten, Ausk\u00fcnften, Berichtigungen, Sperrungen oder L\u00f6schung von Daten sowie zum Widerruf erteilter Einwilligungen oder dem Widerspruch gegen eine explizite Datenverwendung haben.<\/p>\n<p><strong>Ihr Widerspruchsrecht im Detail<\/strong><br \/>\nWENN IHR WIDERSPRUCH UND DIE VERARBEITUNG IHRER PERSONENBEZOGENEN DATEN SICH AUF DIREKTMARKETING BEZIEHEN, K\u00d6NNEN SIE DER VERWENDUNG DIESER DATEN JEDERZEIT OHNE ANGABEN VON GR\u00dcNDEN WIE OBEN BESCHRIEBEN WIDERSPRECHEN. WIR WERDEN IHRE PERSONENBEZOGENEN DATEN DANN NICHT MEHR ZU DIESEM ZWECK VERARBEITEN.<\/p>\n<p>SIE K\u00d6NNEN DER VERARBEITUNG ALLER PERSONENBEZOGENEN DATEN, DIE WIR AUCH ZUR WAHRUNG UNSERER IM RAHMEN EINER INTERESSENSABW\u00c4GUNG \u00dcBERWIEGENDEN BERECHTIGTEN INTERESSEN VERARBEITEN, IN ALLEN ANDEREN F\u00c4LLEN MIT WIRKUNG F\u00dcR DIE ZUKUNFT WIDERSPRECHEN, WENN SIE UNS GR\u00dcNDE VORLEGEN, DIE SICH AUS IHRER BESONDEREN SITUATION ERGEBEN, ES SEI DENN, ES LIEGEN UNS NACHWEISLICH SCHUTZW\u00dcRDIGE UND ZWINGENDE GR\u00dcNDE F\u00dcR DIE WEITERE VERARBEITUNG IHRER PERSONENBEZOGENEN DATEN VOR, DIE IHRE RECHTE, FREIHEITEN UND INTERESSEN \u00dcBERWIEGEN ODER SOLCHE, DIE DER AUS\u00dcBUNG, GELTENDMACHUNG ODER VERTEIDIGUNG VON RECHTSANSPR\u00dcCHEN DIENEN.<\/p>\n","protected":false},"excerpt":{"rendered":"<p>Wir freuen uns sehr \u00fcber das Interesse von Ihnen, unsere Website zu nutzen. Da uns der Schutz Ihrer Privatsph\u00e4re wichtig ist, informieren wir Sie nachstehend ausf\u00fchrlich \u00fcber den Umgang mit Ihren Daten. In Ihrem und unserem Interesse versuchen wir, so wenig personenbezogene Daten wie m\u00f6glich zu erheben und Ihnen zeitgleich das bestm\u00f6gliche Angebot zu bieten. [&hellip;]<\/p>\n","protected":false},"author":3,"featured_media":0,"parent":0,"menu_order":0,"comment_status":"closed","ping_status":"closed","template":"","meta":{"footnotes":""},"class_list":["post-559","page","type-page","status-publish","hentry"],"_links":{"self":[{"href":"https:\/\/buergerverein-ohmstede.de\/index.php?rest_route=\/wp\/v2\/pages\/559","targetHints":{"allow":["GET"]}}],"collection":[{"href":"https:\/\/buergerverein-ohmstede.de\/index.php?rest_route=\/wp\/v2\/pages"}],"about":[{"href":"https:\/\/buergerverein-ohmstede.de\/index.php?rest_route=\/wp\/v2\/types\/page"}],"author":[{"embeddable":true,"href":"https:\/\/buergerverein-ohmstede.de\/index.php?rest_route=\/wp\/v2\/users\/3"}],"replies":[{"embeddable":true,"href":"https:\/\/buergerverein-ohmstede.de\/index.php?rest_route=%2Fwp%2Fv2%2Fcomments&post=559"}],"version-history":[{"count":5,"href":"https:\/\/buergerverein-ohmstede.de\/index.php?rest_route=\/wp\/v2\/pages\/559\/revisions"}],"predecessor-version":[{"id":837,"href":"https:\/\/buergerverein-ohmstede.de\/index.php?rest_route=\/wp\/v2\/pages\/559\/revisions\/837"}],"wp:attachment":[{"href":"https:\/\/buergerverein-ohmstede.de\/index.php?rest_route=%2Fwp%2Fv2%2Fmedia&parent=559"}],"curies":[{"name":"wp","href":"https:\/\/api.w.org\/{rel}","templated":true}]}}