{"id":17,"date":"2014-01-19T13:04:10","date_gmt":"2014-01-19T12:04:10","guid":{"rendered":"https:\/\/buergerverein-ohmstede.de\/?page_id=17"},"modified":"2025-07-17T12:53:00","modified_gmt":"2025-07-17T10:53:00","slug":"mitglied","status":"publish","type":"page","link":"https:\/\/buergerverein-ohmstede.de\/?page_id=17","title":{"rendered":"Mitglied"},"content":{"rendered":"<p>Werden Sie bei uns Mitglied und unterst\u00fctzen Sie mit 6 \u20ac Jahresbeitrag die umfangreiche und sinnvolle Arbeit des B\u00fcrgervereins Ohmstede.<\/p>\n<p>Den hier hinterlegten <a href=\"https:\/\/buergerverein-ohmstede.de\/wp-content\/uploads\/2025\/07\/BV-Ohmstede-Aufnahmeantrag-25-07.pdf\"><strong><span style=\"color: #0000ff;\">Aufnahmeantrag<\/span><\/strong> <\/a>k\u00f6nnen Sie herunterladen, ausdrucken, ausf\u00fcllen und an eines der Vorst\u00e4nde schicken.<\/p>\n<p>Die Anschrift des B\u00fcrgervereins lautet:<br \/>\nB\u00fcrgerverein Ohmstede e.V.<br \/>\nHerwig Langetepe<br \/>\nBrahmkamp 14<br \/>\n26125 Oldenburg<\/p>\n<p>Rechtlicher Hinweis<\/p>\n<p>Mit dem Urteil vom 12. Mai 1998 hat das LG Hamburg entschieden, dass man durch die Ausbringung eines Links die Inhalte der gelinkten Seite ggf. mit zu verantworten hat. Dies kann nach dem LG nur dadurch verhindert werden, dass man sich ausdr\u00fccklich von diesen Inhalten distanziert. Wir distanzieren uns hiermit ausdr\u00fccklich und \u00fcbernehmen trotz sorgf\u00e4ltiger inhaltlicher Kontrolle keine Haftung f\u00fcr die Inhalte externer Links. F\u00fcr den Inhalt der verlinkten Seiten sind ausschlie\u00dflich deren Betreiber verantwortlich.<\/p>\n","protected":false},"excerpt":{"rendered":"<p>Werden Sie bei uns Mitglied und unterst\u00fctzen Sie mit 6 \u20ac Jahresbeitrag die umfangreiche und sinnvolle Arbeit des B\u00fcrgervereins Ohmstede. Den hier hinterlegten Aufnahmeantrag k\u00f6nnen Sie herunterladen, ausdrucken, ausf\u00fcllen und an eines der Vorst\u00e4nde schicken. Die Anschrift des B\u00fcrgervereins lautet: B\u00fcrgerverein Ohmstede e.V. Herwig Langetepe Brahmkamp 14 26125 Oldenburg Rechtlicher Hinweis Mit dem Urteil vom [&hellip;]<\/p>\n","protected":false},"author":3,"featured_media":0,"parent":0,"menu_order":5,"comment_status":"closed","ping_status":"closed","template":"","meta":{"footnotes":""},"class_list":["post-17","page","type-page","status-publish","hentry"],"_links":{"self":[{"href":"https:\/\/buergerverein-ohmstede.de\/index.php?rest_route=\/wp\/v2\/pages\/17","targetHints":{"allow":["GET"]}}],"collection":[{"href":"https:\/\/buergerverein-ohmstede.de\/index.php?rest_route=\/wp\/v2\/pages"}],"about":[{"href":"https:\/\/buergerverein-ohmstede.de\/index.php?rest_route=\/wp\/v2\/types\/page"}],"author":[{"embeddable":true,"href":"https:\/\/buergerverein-ohmstede.de\/index.php?rest_route=\/wp\/v2\/users\/3"}],"replies":[{"embeddable":true,"href":"https:\/\/buergerverein-ohmstede.de\/index.php?rest_route=%2Fwp%2Fv2%2Fcomments&post=17"}],"version-history":[{"count":23,"href":"https:\/\/buergerverein-ohmstede.de\/index.php?rest_route=\/wp\/v2\/pages\/17\/revisions"}],"predecessor-version":[{"id":2559,"href":"https:\/\/buergerverein-ohmstede.de\/index.php?rest_route=\/wp\/v2\/pages\/17\/revisions\/2559"}],"wp:attachment":[{"href":"https:\/\/buergerverein-ohmstede.de\/index.php?rest_route=%2Fwp%2Fv2%2Fmedia&parent=17"}],"curies":[{"name":"wp","href":"https:\/\/api.w.org\/{rel}","templated":true}]}}